{"id":21,"date":"2024-11-14T12:22:28","date_gmt":"2024-11-14T12:22:28","guid":{"rendered":"https:\/\/www.allitupala.fi\/?page_id=21"},"modified":"2025-07-28T12:08:36","modified_gmt":"2025-07-28T12:08:36","slug":"contact-us","status":"publish","type":"page","link":"https:\/\/www.allitupala.fi\/?page_id=21","title":{"rendered":"Yhteystiedot"},"content":{"rendered":"\t\t<div data-elementor-type=\"wp-page\" data-elementor-id=\"21\" class=\"elementor elementor-21\" data-elementor-post-type=\"page\">\n\t\t\t\t<div class=\"elementor-element elementor-element-2e3939d8 e-flex e-con-boxed e-con e-parent\" data-id=\"2e3939d8\" data-element_type=\"container\" data-e-type=\"container\" id=\"Yhteystietoni\" data-settings=\"{&quot;background_background&quot;:&quot;classic&quot;}\">\n\t\t\t\t\t<div class=\"e-con-inner\">\n\t\t<div class=\"elementor-element elementor-element-bfdc585 e-con-full e-flex e-con e-child\" data-id=\"bfdc585\" data-element_type=\"container\" data-e-type=\"container\">\n\t\t\t\t<div class=\"elementor-element elementor-element-1b360b6e elementor-widget elementor-widget-heading\" data-id=\"1b360b6e\" data-element_type=\"widget\" data-e-type=\"widget\" data-widget_type=\"heading.default\">\n\t\t\t\t<div class=\"elementor-widget-container\">\n\t\t\t\t\t<span class=\"elementor-heading-title elementor-size-default\">Yhteystietoni<\/span>\t\t\t\t<\/div>\n\t\t\t\t<\/div>\n\t\t<div class=\"elementor-element elementor-element-6b51fd73 e-con-full e-flex e-con e-child\" data-id=\"6b51fd73\" data-element_type=\"container\" data-e-type=\"container\">\n\t\t\t\t<div class=\"elementor-element elementor-element-ec91094 elementor-widget-tablet__width-initial elementor-widget-mobile__width-inherit elementor-widget elementor-widget-heading\" data-id=\"ec91094\" data-element_type=\"widget\" data-e-type=\"widget\" data-widget_type=\"heading.default\">\n\t\t\t\t<div class=\"elementor-widget-container\">\n\t\t\t\t\t<h3 class=\"elementor-heading-title elementor-size-default\">Puhelinnumero<\/h3>\t\t\t\t<\/div>\n\t\t\t\t<\/div>\n\t\t\t\t<div class=\"elementor-element elementor-element-3db4805d elementor-icon-list--layout-traditional elementor-list-item-link-full_width elementor-widget elementor-widget-icon-list\" data-id=\"3db4805d\" data-element_type=\"widget\" data-e-type=\"widget\" data-widget_type=\"icon-list.default\">\n\t\t\t\t<div class=\"elementor-widget-container\">\n\t\t\t\t\t\t\t<ul class=\"elementor-icon-list-items\">\n\t\t\t\t\t\t\t<li class=\"elementor-icon-list-item\">\n\t\t\t\t\t\t\t\t\t\t\t<a href=\"tel:+358503371373\">\n\n\t\t\t\t\t\t\t\t\t\t\t<span class=\"elementor-icon-list-text\">050 337 1373<\/span>\n\t\t\t\t\t\t\t\t\t\t\t<\/a>\n\t\t\t\t\t\t\t\t\t<\/li>\n\t\t\t\t\t\t<\/ul>\n\t\t\t\t\t\t<\/div>\n\t\t\t\t<\/div>\n\t\t<div class=\"elementor-element elementor-element-1399028b e-con-full e-flex e-con e-child\" data-id=\"1399028b\" data-element_type=\"container\" data-e-type=\"container\">\n\t\t\t\t<div class=\"elementor-element elementor-element-782c9381 elementor-widget-tablet__width-initial elementor-widget-mobile__width-inherit elementor-widget elementor-widget-heading\" data-id=\"782c9381\" data-element_type=\"widget\" data-e-type=\"widget\" data-widget_type=\"heading.default\">\n\t\t\t\t<div class=\"elementor-widget-container\">\n\t\t\t\t\t<h3 class=\"elementor-heading-title elementor-size-default\">S\u00e4hk\u00f6posti<\/h3>\t\t\t\t<\/div>\n\t\t\t\t<\/div>\n\t\t\t\t<div class=\"elementor-element elementor-element-767a2347 elementor-icon-list--layout-traditional elementor-list-item-link-full_width elementor-widget elementor-widget-icon-list\" data-id=\"767a2347\" data-element_type=\"widget\" data-e-type=\"widget\" data-widget_type=\"icon-list.default\">\n\t\t\t\t<div class=\"elementor-widget-container\">\n\t\t\t\t\t\t\t<ul class=\"elementor-icon-list-items\">\n\t\t\t\t\t\t\t<li class=\"elementor-icon-list-item\">\n\t\t\t\t\t\t\t\t\t\t\t<a href=\"mailto:allitupala@gmail.com\">\n\n\t\t\t\t\t\t\t\t\t\t\t<span class=\"elementor-icon-list-text\">allitupala@gmail.com<\/span>\n\t\t\t\t\t\t\t\t\t\t\t<\/a>\n\t\t\t\t\t\t\t\t\t<\/li>\n\t\t\t\t\t\t<\/ul>\n\t\t\t\t\t\t<\/div>\n\t\t\t\t<\/div>\n\t\t<div class=\"elementor-element elementor-element-2190b5ac e-con-full e-flex e-con e-child\" data-id=\"2190b5ac\" data-element_type=\"container\" data-e-type=\"container\">\n\t\t\t\t<div class=\"elementor-element elementor-element-5d3c6881 elementor-widget-tablet__width-initial elementor-widget-mobile__width-inherit elementor-widget elementor-widget-heading\" data-id=\"5d3c6881\" data-element_type=\"widget\" data-e-type=\"widget\" data-widget_type=\"heading.default\">\n\t\t\t\t<div class=\"elementor-widget-container\">\n\t\t\t\t\t<h3 class=\"elementor-heading-title elementor-size-default\">Sijainti<\/h3>\t\t\t\t<\/div>\n\t\t\t\t<\/div>\n\t\t\t\t<div class=\"elementor-element elementor-element-7a0920b8 elementor-icon-list--layout-traditional elementor-list-item-link-full_width elementor-widget elementor-widget-icon-list\" data-id=\"7a0920b8\" data-element_type=\"widget\" data-e-type=\"widget\" data-widget_type=\"icon-list.default\">\n\t\t\t\t<div class=\"elementor-widget-container\">\n\t\t\t\t\t\t\t<ul class=\"elementor-icon-list-items\">\n\t\t\t\t\t\t\t<li class=\"elementor-icon-list-item\">\n\t\t\t\t\t\t\t\t\t\t<span class=\"elementor-icon-list-text\"><b>Hoitohuone: <\/b>Torikatu 24 A 5,  13130 H\u00e4meenlinna<\/span>\n\t\t\t\t\t\t\t\t\t<\/li>\n\t\t\t\t\t\t<\/ul>\n\t\t\t\t\t\t<\/div>\n\t\t\t\t<\/div>\n\t\t\t\t<div class=\"elementor-element elementor-element-4534eb34 elementor-icon-list--layout-traditional elementor-list-item-link-full_width elementor-widget elementor-widget-icon-list\" data-id=\"4534eb34\" data-element_type=\"widget\" data-e-type=\"widget\" data-widget_type=\"icon-list.default\">\n\t\t\t\t<div class=\"elementor-widget-container\">\n\t\t\t\t\t\t\t<ul class=\"elementor-icon-list-items\">\n\t\t\t\t\t\t\t<li class=\"elementor-icon-list-item\">\n\t\t\t\t\t\t\t\t\t\t<span class=\"elementor-icon-list-text\"><b>Joogat &amp; ty\u00f6pajat: <\/b> Viisarintie 28, 13130 H\u00e4meenlinna. <br> Soihdun sali (vanha Viisarin ty\u00f6v\u00e4entalo)<\/span>\n\t\t\t\t\t\t\t\t\t<\/li>\n\t\t\t\t\t\t<\/ul>\n\t\t\t\t\t\t<\/div>\n\t\t\t\t<\/div>\n\t\t\t\t<\/div>\n\t\t\t\t<\/div>\n\t\t\t\t<\/div>\n\t\t\t\t<div class=\"elementor-element elementor-element-5824a0a e-grid-align-left elementor-widget-tablet__width-inherit elementor-shape-rounded elementor-grid-0 elementor-widget elementor-widget-social-icons\" data-id=\"5824a0a\" data-element_type=\"widget\" data-e-type=\"widget\" data-widget_type=\"social-icons.default\">\n\t\t\t\t<div class=\"elementor-widget-container\">\n\t\t\t\t\t\t\t<div class=\"elementor-social-icons-wrapper elementor-grid\" role=\"list\">\n\t\t\t\t\t\t\t<span class=\"elementor-grid-item\" role=\"listitem\">\n\t\t\t\t\t<a class=\"elementor-icon elementor-social-icon elementor-social-icon-facebook-f elementor-animation-grow elementor-repeater-item-af5d7dd\" href=\"https:\/\/www.facebook.com\/profile.php?id=100074619969307\" target=\"_blank\">\n\t\t\t\t\t\t<span class=\"elementor-screen-only\">Facebook-f<\/span>\n\t\t\t\t\t\t<svg aria-hidden=\"true\" class=\"e-font-icon-svg e-fab-facebook-f\" viewBox=\"0 0 320 512\" xmlns=\"http:\/\/www.w3.org\/2000\/svg\"><path d=\"M279.14 288l14.22-92.66h-88.91v-60.13c0-25.35 12.42-50.06 52.24-50.06h40.42V6.26S260.43 0 225.36 0c-73.22 0-121.08 44.38-121.08 124.72v70.62H22.89V288h81.39v224h100.17V288z\"><\/path><\/svg>\t\t\t\t\t<\/a>\n\t\t\t\t<\/span>\n\t\t\t\t\t\t\t<span class=\"elementor-grid-item\" role=\"listitem\">\n\t\t\t\t\t<a class=\"elementor-icon elementor-social-icon elementor-social-icon-instagram elementor-animation-grow elementor-repeater-item-06d0295\" href=\"https:\/\/www.instagram.com\/allitupala\/\" target=\"_blank\">\n\t\t\t\t\t\t<span class=\"elementor-screen-only\">Instagram<\/span>\n\t\t\t\t\t\t<svg aria-hidden=\"true\" class=\"e-font-icon-svg e-fab-instagram\" viewBox=\"0 0 448 512\" xmlns=\"http:\/\/www.w3.org\/2000\/svg\"><path d=\"M224.1 141c-63.6 0-114.9 51.3-114.9 114.9s51.3 114.9 114.9 114.9S339 319.5 339 255.9 287.7 141 224.1 141zm0 189.6c-41.1 0-74.7-33.5-74.7-74.7s33.5-74.7 74.7-74.7 74.7 33.5 74.7 74.7-33.6 74.7-74.7 74.7zm146.4-194.3c0 14.9-12 26.8-26.8 26.8-14.9 0-26.8-12-26.8-26.8s12-26.8 26.8-26.8 26.8 12 26.8 26.8zm76.1 27.2c-1.7-35.9-9.9-67.7-36.2-93.9-26.2-26.2-58-34.4-93.9-36.2-37-2.1-147.9-2.1-184.9 0-35.8 1.7-67.6 9.9-93.9 36.1s-34.4 58-36.2 93.9c-2.1 37-2.1 147.9 0 184.9 1.7 35.9 9.9 67.7 36.2 93.9s58 34.4 93.9 36.2c37 2.1 147.9 2.1 184.9 0 35.9-1.7 67.7-9.9 93.9-36.2 26.2-26.2 34.4-58 36.2-93.9 2.1-37 2.1-147.8 0-184.8zM398.8 388c-7.8 19.6-22.9 34.7-42.6 42.6-29.5 11.7-99.5 9-132.1 9s-102.7 2.6-132.1-9c-19.6-7.8-34.7-22.9-42.6-42.6-11.7-29.5-9-99.5-9-132.1s-2.6-102.7 9-132.1c7.8-19.6 22.9-34.7 42.6-42.6 29.5-11.7 99.5-9 132.1-9s102.7-2.6 132.1 9c19.6 7.8 34.7 22.9 42.6 42.6 11.7 29.5 9 99.5 9 132.1s2.7 102.7-9 132.1z\"><\/path><\/svg>\t\t\t\t\t<\/a>\n\t\t\t\t<\/span>\n\t\t\t\t\t<\/div>\n\t\t\t\t\t\t<\/div>\n\t\t\t\t<\/div>\n\t\t\t\t<\/div>\n\t\t\t\t<div class=\"elementor-element elementor-element-145b8aa4 elementor-widget__width-initial elementor-widget-tablet__width-inherit elementor-widget elementor-widget-google_maps\" data-id=\"145b8aa4\" data-element_type=\"widget\" data-e-type=\"widget\" data-widget_type=\"google_maps.default\">\n\t\t\t\t<div class=\"elementor-widget-container\">\n\t\t\t\t\t\t\t<div class=\"elementor-custom-embed\">\n\t\t\t<iframe loading=\"lazy\"\n\t\t\t\t\tsrc=\"https:\/\/maps.google.com\/maps?q=Torikatu%2024%20A%205%2C%2013130%20H%C3%A4meenlinna&#038;t=m&#038;z=11&#038;output=embed&#038;iwloc=near\"\n\t\t\t\t\ttitle=\"Torikatu 24 A 5, 13130 H\u00e4meenlinna\"\n\t\t\t\t\taria-label=\"Torikatu 24 A 5, 13130 H\u00e4meenlinna\"\n\t\t\t><\/iframe>\n\t\t<\/div>\n\t\t\t\t\t\t<\/div>\n\t\t\t\t<\/div>\n\t\t\t\t\t<\/div>\n\t\t\t\t<\/div>\n\t\t<div class=\"elementor-element elementor-element-35d21b8e e-flex e-con-boxed e-con e-parent\" data-id=\"35d21b8e\" data-element_type=\"container\" data-e-type=\"container\">\n\t\t\t\t\t<div class=\"e-con-inner\">\n\t\t\t\t<div class=\"elementor-element elementor-element-d3f1909 elementor-widget elementor-widget-heading\" data-id=\"d3f1909\" data-element_type=\"widget\" data-e-type=\"widget\" data-widget_type=\"heading.default\">\n\t\t\t\t<div class=\"elementor-widget-container\">\n\t\t\t\t\t<h2 class=\"elementor-heading-title elementor-size-default\">Tee varauspyynt\u00f6 tai kysy lis\u00e4\u00e4<\/h2>\t\t\t\t<\/div>\n\t\t\t\t<\/div>\n\t\t\t\t\t<\/div>\n\t\t\t\t<\/div>\n\t\t<div class=\"elementor-element elementor-element-36bf7109 e-flex e-con-boxed e-con e-parent\" data-id=\"36bf7109\" data-element_type=\"container\" data-e-type=\"container\">\n\t\t\t\t\t<div class=\"e-con-inner\">\n\t\t\t\t<div class=\"elementor-element elementor-element-1b8bfab7 elementor-button-align-stretch elementor-widget elementor-widget-form\" data-id=\"1b8bfab7\" data-element_type=\"widget\" data-e-type=\"widget\" data-settings=\"{&quot;step_next_label&quot;:&quot;Next&quot;,&quot;step_previous_label&quot;:&quot;Previous&quot;,&quot;button_width&quot;:&quot;100&quot;,&quot;step_type&quot;:&quot;number_text&quot;,&quot;step_icon_shape&quot;:&quot;circle&quot;}\" data-widget_type=\"form.default\">\n\t\t\t\t<div class=\"elementor-widget-container\">\n\t\t\t\t\t\t\t<form class=\"elementor-form\" method=\"post\" name=\"New Form\" aria-label=\"New Form\">\n\t\t\t<input type=\"hidden\" name=\"post_id\" value=\"21\"\/>\n\t\t\t<input type=\"hidden\" name=\"form_id\" value=\"1b8bfab7\"\/>\n\t\t\t<input type=\"hidden\" name=\"referer_title\" value=\"Alli Tupala\" \/>\n\n\t\t\t\n\t\t\t<div class=\"elementor-form-fields-wrapper elementor-labels-above\">\n\t\t\t\t\t\t\t\t<div class=\"elementor-field-type-text elementor-field-group elementor-column elementor-field-group-name elementor-col-33\">\n\t\t\t\t\t\t\t\t\t\t\t\t<label for=\"form-field-name\" class=\"elementor-field-label\">\n\t\t\t\t\t\t\t\tNimi\t\t\t\t\t\t\t<\/label>\n\t\t\t\t\t\t\t\t\t\t\t\t\t\t<input size=\"1\" type=\"text\" name=\"form_fields[name]\" id=\"form-field-name\" class=\"elementor-field elementor-size-sm  elementor-field-textual\">\n\t\t\t\t\t\t\t\t\t\t\t<\/div>\n\t\t\t\t\t\t\t\t<div class=\"elementor-field-type-tel elementor-field-group elementor-column elementor-field-group-field_433a340 elementor-col-33\">\n\t\t\t\t\t\t\t\t\t\t\t\t<label for=\"form-field-field_433a340\" class=\"elementor-field-label\">\n\t\t\t\t\t\t\t\tPuhelinnumero\t\t\t\t\t\t\t<\/label>\n\t\t\t\t\t\t\t\t<input size=\"1\" type=\"tel\" name=\"form_fields[field_433a340]\" id=\"form-field-field_433a340\" class=\"elementor-field elementor-size-sm  elementor-field-textual\" pattern=\"[0-9()#&amp;+*-=.]+\" title=\"Only numbers and phone characters (#, -, *, etc) are accepted.\">\n\n\t\t\t\t\t\t<\/div>\n\t\t\t\t\t\t\t\t<div class=\"elementor-field-type-email elementor-field-group elementor-column elementor-field-group-email elementor-col-33 elementor-field-required\">\n\t\t\t\t\t\t\t\t\t\t\t\t<label for=\"form-field-email\" class=\"elementor-field-label\">\n\t\t\t\t\t\t\t\tS\u00e4hk\u00f6posti\t\t\t\t\t\t\t<\/label>\n\t\t\t\t\t\t\t\t\t\t\t\t\t\t<input size=\"1\" type=\"email\" name=\"form_fields[email]\" id=\"form-field-email\" class=\"elementor-field elementor-size-sm  elementor-field-textual\" required=\"required\">\n\t\t\t\t\t\t\t\t\t\t\t<\/div>\n\t\t\t\t\t\t\t\t<div class=\"elementor-field-type-textarea elementor-field-group elementor-column elementor-field-group-message elementor-col-100\">\n\t\t\t\t\t\t\t\t\t\t\t\t<label for=\"form-field-message\" class=\"elementor-field-label\">\n\t\t\t\t\t\t\t\tViesti \/ varauspyynt\u00f6\t\t\t\t\t\t\t<\/label>\n\t\t\t\t\t\t<textarea class=\"elementor-field-textual elementor-field  elementor-size-sm\" name=\"form_fields[message]\" id=\"form-field-message\" rows=\"4\" placeholder=\"Viesti\"><\/textarea>\t\t\t\t<\/div>\n\t\t\t\t\t\t\t\t<div class=\"elementor-field-type-radio elementor-field-group elementor-column elementor-field-group-field_9eda511 elementor-col-100\">\n\t\t\t\t\t<div class=\"elementor-field-subgroup  \"><span class=\"elementor-field-option\"><input type=\"radio\" value=\"Hieronta \/ Kehohoito\" id=\"form-field-field_9eda511-0\" name=\"form_fields[field_9eda511]\"> <label for=\"form-field-field_9eda511-0\">Hieronta \/ Kehohoito<\/label><\/span><span class=\"elementor-field-option\"><input type=\"radio\" value=\"Aromahieronta\" id=\"form-field-field_9eda511-1\" name=\"form_fields[field_9eda511]\"> <label for=\"form-field-field_9eda511-1\">Aromahieronta<\/label><\/span><span class=\"elementor-field-option\"><input type=\"radio\" value=\"Vy\u00f6hyketerapia \/ Refleksologia\" id=\"form-field-field_9eda511-2\" name=\"form_fields[field_9eda511]\"> <label for=\"form-field-field_9eda511-2\">Vy\u00f6hyketerapia \/ Refleksologia<\/label><\/span><span class=\"elementor-field-option\"><input type=\"radio\" value=\"Kraniosakraalihoito\" id=\"form-field-field_9eda511-3\" name=\"form_fields[field_9eda511]\"> <label for=\"form-field-field_9eda511-3\">Kraniosakraalihoito<\/label><\/span><span class=\"elementor-field-option\"><input type=\"radio\" value=\"Access Bars\u00ae\" id=\"form-field-field_9eda511-4\" name=\"form_fields[field_9eda511]\"> <label for=\"form-field-field_9eda511-4\">Access Bars\u00ae<\/label><\/span><span class=\"elementor-field-option\"><input type=\"radio\" value=\"Energiahoito \/ Tunnekehon hoito\" id=\"form-field-field_9eda511-5\" name=\"form_fields[field_9eda511]\"> <label for=\"form-field-field_9eda511-5\">Energiahoito \/ Tunnekehon hoito<\/label><\/span><span class=\"elementor-field-option\"><input type=\"radio\" value=\"Energiahoito \/ Celestial Healing \" id=\"form-field-field_9eda511-6\" name=\"form_fields[field_9eda511]\"> <label for=\"form-field-field_9eda511-6\">Energiahoito \/ Celestial Healing <\/label><\/span><span class=\"elementor-field-option\"><input type=\"radio\" value=\"Kundaliinijooga\" id=\"form-field-field_9eda511-7\" name=\"form_fields[field_9eda511]\"> <label for=\"form-field-field_9eda511-7\">Kundaliinijooga<\/label><\/span><span class=\"elementor-field-option\"><input type=\"radio\" value=\"Yinjooga\" id=\"form-field-field_9eda511-8\" name=\"form_fields[field_9eda511]\"> <label for=\"form-field-field_9eda511-8\">Yinjooga<\/label><\/span><span class=\"elementor-field-option\"><input type=\"radio\" value=\"Valmennus \/ LCF Life Coach\u00ae\" id=\"form-field-field_9eda511-9\" name=\"form_fields[field_9eda511]\"> <label for=\"form-field-field_9eda511-9\">Valmennus \/ LCF Life Coach\u00ae<\/label><\/span><span class=\"elementor-field-option\"><input type=\"radio\" value=\"Ty\u00f6pajat\" id=\"form-field-field_9eda511-10\" name=\"form_fields[field_9eda511]\"> <label for=\"form-field-field_9eda511-10\">Ty\u00f6pajat<\/label><\/span><\/div>\t\t\t\t<\/div>\n\t\t\t\t\t\t\t\t<div class=\"elementor-field-group elementor-column elementor-field-type-submit elementor-col-100 e-form__buttons\">\n\t\t\t\t\t<button class=\"elementor-button elementor-size-sm\" type=\"submit\">\n\t\t\t\t\t\t<span class=\"elementor-button-content-wrapper\">\n\t\t\t\t\t\t\t\t\t\t\t\t\t\t\t\t\t\t\t\t\t\t<span class=\"elementor-button-text\">L\u00e4het\u00e4<\/span>\n\t\t\t\t\t\t\t\t\t\t\t\t\t<\/span>\n\t\t\t\t\t<\/button>\n\t\t\t\t<\/div>\n\t\t\t<\/div>\n\t\t<\/form>\n\t\t\t\t\t\t<\/div>\n\t\t\t\t<\/div>\n\t\t\t\t\t<\/div>\n\t\t\t\t<\/div>\n\t\t\t\t<\/div>\n\t\t","protected":false},"excerpt":{"rendered":"<p>Yhteystietoni Puhelinnumero 050 337 1373 S\u00e4hk\u00f6posti allitupala@gmail.com Sijainti Hoitohuone: Torikatu 24 A 5, 13130 H\u00e4meenlinna Joogat &amp; ty\u00f6pajat: Viisarintie 28, 13130 H\u00e4meenlinna. Soihdun sali (vanha Viisarin ty\u00f6v\u00e4entalo) Facebook-f Instagram Tee varauspyynt\u00f6 tai kysy lis\u00e4\u00e4<\/p>\n","protected":false},"author":1,"featured_media":0,"parent":0,"menu_order":0,"comment_status":"closed","ping_status":"closed","template":"","meta":{"footnotes":""},"class_list":["post-21","page","type-page","status-publish","hentry"],"yoast_head":"<!-- This site is optimized with the Yoast SEO plugin v27.3 - https:\/\/yoast.com\/product\/yoast-seo-wordpress\/ -->\n<title>Yhteystiedot - Alli Tupala<\/title>\n<meta name=\"robots\" content=\"index, follow, max-snippet:-1, max-image-preview:large, max-video-preview:-1\" \/>\n<link rel=\"canonical\" href=\"https:\/\/www.allitupala.fi\/?page_id=21\" \/>\n<meta property=\"og:locale\" content=\"fi_FI\" \/>\n<meta property=\"og:type\" content=\"article\" \/>\n<meta property=\"og:title\" content=\"Yhteystiedot - Alli Tupala\" \/>\n<meta property=\"og:description\" content=\"Yhteystietoni Puhelinnumero 050 337 1373 S\u00e4hk\u00f6posti allitupala@gmail.com Sijainti Hoitohuone: Torikatu 24 A 5, 13130 H\u00e4meenlinna Joogat &amp; ty\u00f6pajat: Viisarintie 28, 13130 H\u00e4meenlinna. Soihdun sali (vanha Viisarin ty\u00f6v\u00e4entalo) Facebook-f Instagram Tee varauspyynt\u00f6 tai kysy lis\u00e4\u00e4\" \/>\n<meta property=\"og:url\" content=\"https:\/\/www.allitupala.fi\/?page_id=21\" \/>\n<meta property=\"og:site_name\" content=\"Alli Tupala\" \/>\n<meta property=\"article:publisher\" content=\"https:\/\/www.facebook.com\/profile.php?id=100074619969307\" \/>\n<meta property=\"article:modified_time\" content=\"2025-07-28T12:08:36+00:00\" \/>\n<meta property=\"og:image\" content=\"https:\/\/www.allitupala.fi\/wp-content\/uploads\/2025\/01\/Alli-Tupala.webp\" \/>\n\t<meta property=\"og:image:width\" content=\"500\" \/>\n\t<meta property=\"og:image:height\" content=\"500\" \/>\n\t<meta property=\"og:image:type\" content=\"image\/webp\" \/>\n<meta name=\"twitter:card\" content=\"summary_large_image\" \/>\n<meta name=\"twitter:label1\" content=\"Arvioitu lukuaika\" \/>\n\t<meta name=\"twitter:data1\" content=\"1 minuutti\" \/>\n<script type=\"application\/ld+json\" class=\"yoast-schema-graph\">{\"@context\":\"https:\\\/\\\/schema.org\",\"@graph\":[{\"@type\":\"WebPage\",\"@id\":\"https:\\\/\\\/www.allitupala.fi\\\/?page_id=21\",\"url\":\"https:\\\/\\\/www.allitupala.fi\\\/?page_id=21\",\"name\":\"Yhteystiedot - Alli Tupala\",\"isPartOf\":{\"@id\":\"https:\\\/\\\/www.allitupala.fi\\\/#website\"},\"datePublished\":\"2024-11-14T12:22:28+00:00\",\"dateModified\":\"2025-07-28T12:08:36+00:00\",\"breadcrumb\":{\"@id\":\"https:\\\/\\\/www.allitupala.fi\\\/?page_id=21#breadcrumb\"},\"inLanguage\":\"fi\",\"potentialAction\":[{\"@type\":\"ReadAction\",\"target\":[\"https:\\\/\\\/www.allitupala.fi\\\/?page_id=21\"]}]},{\"@type\":\"BreadcrumbList\",\"@id\":\"https:\\\/\\\/www.allitupala.fi\\\/?page_id=21#breadcrumb\",\"itemListElement\":[{\"@type\":\"ListItem\",\"position\":1,\"name\":\"Etusivu\",\"item\":\"https:\\\/\\\/www.allitupala.fi\\\/\"},{\"@type\":\"ListItem\",\"position\":2,\"name\":\"Yhteystiedot\"}]},{\"@type\":\"WebSite\",\"@id\":\"https:\\\/\\\/www.allitupala.fi\\\/#website\",\"url\":\"https:\\\/\\\/www.allitupala.fi\\\/\",\"name\":\"Alli Tupala\",\"description\":\"Hoidot &amp; Joogat\",\"publisher\":{\"@id\":\"https:\\\/\\\/www.allitupala.fi\\\/#organization\"},\"potentialAction\":[{\"@type\":\"SearchAction\",\"target\":{\"@type\":\"EntryPoint\",\"urlTemplate\":\"https:\\\/\\\/www.allitupala.fi\\\/?s={search_term_string}\"},\"query-input\":{\"@type\":\"PropertyValueSpecification\",\"valueRequired\":true,\"valueName\":\"search_term_string\"}}],\"inLanguage\":\"fi\"},{\"@type\":\"Organization\",\"@id\":\"https:\\\/\\\/www.allitupala.fi\\\/#organization\",\"name\":\"Tmi Alli Tupala\",\"url\":\"https:\\\/\\\/www.allitupala.fi\\\/\",\"logo\":{\"@type\":\"ImageObject\",\"inLanguage\":\"fi\",\"@id\":\"https:\\\/\\\/www.allitupala.fi\\\/#\\\/schema\\\/logo\\\/image\\\/\",\"url\":\"https:\\\/\\\/www.allitupala.fi\\\/wp-content\\\/uploads\\\/2025\\\/01\\\/cropped-Alli-Tupala.webp\",\"contentUrl\":\"https:\\\/\\\/www.allitupala.fi\\\/wp-content\\\/uploads\\\/2025\\\/01\\\/cropped-Alli-Tupala.webp\",\"width\":512,\"height\":512,\"caption\":\"Tmi Alli Tupala\"},\"image\":{\"@id\":\"https:\\\/\\\/www.allitupala.fi\\\/#\\\/schema\\\/logo\\\/image\\\/\"},\"sameAs\":[\"https:\\\/\\\/www.facebook.com\\\/profile.php?id=100074619969307\",\"https:\\\/\\\/www.instagram.com\\\/allitupala\\\/\"]}]}<\/script>\n<!-- \/ Yoast SEO plugin. -->","yoast_head_json":{"title":"Yhteystiedot - Alli Tupala","robots":{"index":"index","follow":"follow","max-snippet":"max-snippet:-1","max-image-preview":"max-image-preview:large","max-video-preview":"max-video-preview:-1"},"canonical":"https:\/\/www.allitupala.fi\/?page_id=21","og_locale":"fi_FI","og_type":"article","og_title":"Yhteystiedot - Alli Tupala","og_description":"Yhteystietoni Puhelinnumero 050 337 1373 S\u00e4hk\u00f6posti allitupala@gmail.com Sijainti Hoitohuone: Torikatu 24 A 5, 13130 H\u00e4meenlinna Joogat &amp; ty\u00f6pajat: Viisarintie 28, 13130 H\u00e4meenlinna. Soihdun sali (vanha Viisarin ty\u00f6v\u00e4entalo) Facebook-f Instagram Tee varauspyynt\u00f6 tai kysy lis\u00e4\u00e4","og_url":"https:\/\/www.allitupala.fi\/?page_id=21","og_site_name":"Alli Tupala","article_publisher":"https:\/\/www.facebook.com\/profile.php?id=100074619969307","article_modified_time":"2025-07-28T12:08:36+00:00","og_image":[{"width":500,"height":500,"url":"https:\/\/www.allitupala.fi\/wp-content\/uploads\/2025\/01\/Alli-Tupala.webp","type":"image\/webp"}],"twitter_card":"summary_large_image","twitter_misc":{"Arvioitu lukuaika":"1 minuutti"},"schema":{"@context":"https:\/\/schema.org","@graph":[{"@type":"WebPage","@id":"https:\/\/www.allitupala.fi\/?page_id=21","url":"https:\/\/www.allitupala.fi\/?page_id=21","name":"Yhteystiedot - Alli Tupala","isPartOf":{"@id":"https:\/\/www.allitupala.fi\/#website"},"datePublished":"2024-11-14T12:22:28+00:00","dateModified":"2025-07-28T12:08:36+00:00","breadcrumb":{"@id":"https:\/\/www.allitupala.fi\/?page_id=21#breadcrumb"},"inLanguage":"fi","potentialAction":[{"@type":"ReadAction","target":["https:\/\/www.allitupala.fi\/?page_id=21"]}]},{"@type":"BreadcrumbList","@id":"https:\/\/www.allitupala.fi\/?page_id=21#breadcrumb","itemListElement":[{"@type":"ListItem","position":1,"name":"Etusivu","item":"https:\/\/www.allitupala.fi\/"},{"@type":"ListItem","position":2,"name":"Yhteystiedot"}]},{"@type":"WebSite","@id":"https:\/\/www.allitupala.fi\/#website","url":"https:\/\/www.allitupala.fi\/","name":"Alli Tupala","description":"Hoidot &amp; Joogat","publisher":{"@id":"https:\/\/www.allitupala.fi\/#organization"},"potentialAction":[{"@type":"SearchAction","target":{"@type":"EntryPoint","urlTemplate":"https:\/\/www.allitupala.fi\/?s={search_term_string}"},"query-input":{"@type":"PropertyValueSpecification","valueRequired":true,"valueName":"search_term_string"}}],"inLanguage":"fi"},{"@type":"Organization","@id":"https:\/\/www.allitupala.fi\/#organization","name":"Tmi Alli Tupala","url":"https:\/\/www.allitupala.fi\/","logo":{"@type":"ImageObject","inLanguage":"fi","@id":"https:\/\/www.allitupala.fi\/#\/schema\/logo\/image\/","url":"https:\/\/www.allitupala.fi\/wp-content\/uploads\/2025\/01\/cropped-Alli-Tupala.webp","contentUrl":"https:\/\/www.allitupala.fi\/wp-content\/uploads\/2025\/01\/cropped-Alli-Tupala.webp","width":512,"height":512,"caption":"Tmi Alli Tupala"},"image":{"@id":"https:\/\/www.allitupala.fi\/#\/schema\/logo\/image\/"},"sameAs":["https:\/\/www.facebook.com\/profile.php?id=100074619969307","https:\/\/www.instagram.com\/allitupala\/"]}]}},"_links":{"self":[{"href":"https:\/\/www.allitupala.fi\/index.php?rest_route=\/wp\/v2\/pages\/21","targetHints":{"allow":["GET"]}}],"collection":[{"href":"https:\/\/www.allitupala.fi\/index.php?rest_route=\/wp\/v2\/pages"}],"about":[{"href":"https:\/\/www.allitupala.fi\/index.php?rest_route=\/wp\/v2\/types\/page"}],"author":[{"embeddable":true,"href":"https:\/\/www.allitupala.fi\/index.php?rest_route=\/wp\/v2\/users\/1"}],"replies":[{"embeddable":true,"href":"https:\/\/www.allitupala.fi\/index.php?rest_route=%2Fwp%2Fv2%2Fcomments&post=21"}],"version-history":[{"count":23,"href":"https:\/\/www.allitupala.fi\/index.php?rest_route=\/wp\/v2\/pages\/21\/revisions"}],"predecessor-version":[{"id":1133,"href":"https:\/\/www.allitupala.fi\/index.php?rest_route=\/wp\/v2\/pages\/21\/revisions\/1133"}],"wp:attachment":[{"href":"https:\/\/www.allitupala.fi\/index.php?rest_route=%2Fwp%2Fv2%2Fmedia&parent=21"}],"curies":[{"name":"wp","href":"https:\/\/api.w.org\/{rel}","templated":true}]}}